{"id":413,"date":"2020-05-25T14:25:04","date_gmt":"2020-05-25T14:25:04","guid":{"rendered":"http:\/\/176.107.130.230:8090\/?page_id=413"},"modified":"2020-06-12T07:47:49","modified_gmt":"2020-06-12T07:47:49","slug":"mysmartwork-informativa-privacy","status":"publish","type":"page","link":"https:\/\/www.mysmartwork.cloud\/index.php\/mysmartwork-informativa-privacy\/","title":{"rendered":"MySmartWork Informativa Privacy"},"content":{"rendered":"<div id=\"pl-413\"  class=\"panel-layout\" ><div id=\"pg-413-0\"  class=\"panel-grid panel-no-style\" ><div id=\"pgc-413-0-0\"  class=\"panel-grid-cell\" ><div id=\"panel-413-0-0-0\" class=\"so-panel widget widget_sow-editor panel-first-child panel-last-child\" data-index=\"0\" ><div\n\t\t\t\n\t\t\tclass=\"so-widget-sow-editor so-widget-sow-editor-base\"\n\t\t\t\n\t\t>\n<div class=\"siteorigin-widget-tinymce textwidget\">\n\t<h1 style=\"text-align: center;\">Informativa Privacy<\/h1>\n<p style=\"text-align: center;\"><strong>Modello di informativa sul trattamento dei dati personali ex art. 13 Reg.to UE 2016\/679<\/strong><\/p>\n<p>Gentile Utente,<br \/>\nLa presente informativa \u00e8 redatta ai sensi dell\u2019art. 13 del Regolamento UE 679\/2016 (di seguito, per brevit\u00e0 \u201cGDPR\u201d) in materia di protezione delle persone fisiche con riguardo al trattamento dei dati personali relativi al sito \u201c<strong>mysmartwork.cloud<\/strong>\u201d.<br \/>\nForniamo questa informativa non solo per adempiere agli obblighi di legge in materia di protezione dei dati personali previsti dal GDPR, ma anche perch\u00e9 crediamo che la tutela dei dati personali sia un valore fondamentale della nostra attivit\u00e0 di impresa e vogliamo fornirLe ogni informazione che possa aiutarLa a tutelare la Sua privacy e a controllare l\u2019utilizzo che viene fatto dei suoi dati in relazione all'esperienza di navigazione sul nostro Sito.<br \/>\n<strong>AEC Soluzioni S.r.l.<\/strong>, la cui sede legale si trova in Corso Montevecchio 46, 10129, P.IVA 10936830016 (successivamente descritta con il termine \u201cTitolare\u201d), in qualit\u00e0 di titolare del trattamento, La informa, ai sensi del Regolamento UE n. 2016\/679 (poi abbreviato in \u201cGDPR\u201d) che i suoi dati saranno utilizzati nei seguenti modi e per i seguenti fini<\/p>\n<h2>A. Oggetto del Trattamento<\/h2>\n<h3>Dati di navigazione<\/h3>\n<p>I sistemi informatici e le procedure software preposte al funzionamento del Sito acquisiscono, nel corso del loro normale esercizio, alcuni Dati Personali la cui trasmissione \u00e8 implicita nell'uso dei protocolli di comunicazione di Internet. Si tratta di informazioni che non sono raccolte per essere associate a interessati identificati, ma che per loro stessa natura potrebbero, attraverso elaborazioni ed associazioni con dati detenuti da terzi, permettere di identificare gli utenti.<br \/>\nIn questa categoria di dati rientrano gli indirizzi IP o i nomi a dominio dei computer utilizzati dagli utenti che si connettono al Sito, gli indirizzi in notazione URI (Uniform Resource Identifier) delle risorse richieste, l'orario della richiesta, il metodo utilizzato nel sottoporre la richiesta al server, la dimensione del file ottenuto in risposta, il codice numerico indicante lo stato della risposta data dal server (buon fine, errore, etc.) ed altri parametri relativi al sistema operativo e all'ambiente informatico dell'utente.<br \/>\nQuesti dati vengono utilizzati al solo fine di ricavare informazioni statistiche anonime sull'uso del Sito e per controllarne il corretto funzionamento, per identificare anomalie e\/o abusi, e vengono cancellati immediatamente dopo l'elaborazione.<br \/>\nI dati potrebbero essere utilizzati per l'accertamento di responsabilit\u00e0 in caso di ipotetici reati informatici ai danni del sito o di terzi.<\/p>\n<h3>Dati raccolti in modo automatico<\/h3>\n<p>Questo Sito web, al fine di migliorare la qualit\u00e0 del servizio offerto, utilizza cookie propri e di terze parti per l'acquisizione automatica di informazioni relative all'utilizzo del Sito stesso. Per maggiori informazioni su quali cookie adoperiamo si rimanda alla pagina <a href=\"http:\/\/176.107.130.230:8090\/index.php\/mysmartwork-informativa-cookie\/\" target=\"_blank\" rel=\"noopener\">Cookie Policy<\/a>.<br \/>\nL'Utente si assume la responsabilit\u00e0 dei Dati Personali di terzi pubblicati o condivisi mediante questo Sito garantendo di avere il diritto di comunicarli o diffonderli e liberando il Titolare da qualsiasi responsabilit\u00e0 verso terzi.<\/p>\n<h3>Dati Applicazione MySmartWork<\/h3>\n<p>Attraverso il sito mysmartwork.cloud \u00e8 possibile richiedere l\u2019attivazione di un servizio cloud denominato \u201cmysmartwork\u201d. Per poter richiedere tale servizio \u00e8 necessario accettare esplicitamente sia le condizioni di utilizzo del servizio che l\u2019informativa privacy specifica.<\/p>\n<h2>B. Finalit\u00e0 di utilizzo dei dati raccolti (ex art. 13.1c)<\/h2>\n<p>I suoi dati personali saranno utilizzati:<\/p>\n<ul>\n<li><strong>B1<\/strong> -\u00a0 Senza il suo consenso espresso, come indicato dall\u2019 articolo 6 lett. b), e) GDPR, per le seguenti Finalit\u00e0 di Servizio:\n<ul>\n<li>consentire la navigazione e la consultazione del sito web di AEC Soluzioni srl;<\/li>\n<li>rispondere a richieste di assistenza o di informazioni, che riceveremo via e-mail,telefono o chat attraverso la pagina \"Contattaci\" del nostro Sito;<\/li>\n<li>\u00a0adempiere ad eventuali obblighi precontrattuali, contrattuali e fiscali derivanti da rapporti con Lei in essere;<\/li>\n<li>adempiere agli obblighi previsti dalla legge, da un regolamento, dalla normativa comunitaria o da un ordine dell\u2019Autorit\u00e0 (come ad esempio in materia di antiriciclaggio);<\/li>\n<li>esercitare i diritti del Titolare, ad esempio il diritto di difesa in giudizio;<\/li>\n<\/ul>\n<\/li>\n<li><strong>B2<\/strong> - Solo previo suo specifico e distinto consenso (art. 7 GDPR), per le seguenti altre finalit\u00e0:\n<ul>\n<li>InviarLe via e-mail, posta e\/o sms e\/o contatti telefonici, newsletter e\/o inviti ad eventi o iscriverLa ad eventi di cui \u00e8 parte o che organizza il Titolare, comunicazioni commerciali e\/o materiale pubblicitario su prodotti o servizi offerti dal Titolare e rilevazione del grado di soddisfazione sulla qualit\u00e0 dei servizi;<\/li>\n<li>InviarLe via e-mail, posta e\/o sms e\/o contatti telefonici comunicazioni commerciali e\/o promozionali di soggetti terzi.<\/li>\n<\/ul>\n<\/li>\n<\/ul>\n<h2>C. Modalit\u00e0 di trattamento<\/h2>\n<p>Il trattamento dei suoi dati personali viene effettuato per mezzo delle operazioni indicate all\u2019articolo 4 n. 2) GDPR e precisamente: raccolta, registrazione, organizzazione, conservazione, consultazione, elaborazione, modificazione, selezione, estrazione, raffronto, utilizzo, interconnessione, limitazione, comunicazione, cancellazione e distruzione dei dati.<br \/>\nI suoi dati personali vengono sottoposti a trattamento in forma elettronica e\/o automatizzata. Il Titolare tratter\u00e0 i dati personali per il tempo necessario per adempiere alle finalit\u00e0 di cui sopra e comunque per non oltre 10 anni dalla cessazione del rapporto per le Finalit\u00e0 di Servizio e per non oltre 2 anni dalla raccolta dei dati per le Finalit\u00e0 di Marketing.<\/p>\n<h2>D.Trasferimento dati<\/h2>\n<p>I dati personali raccolti e trattati sono conservati sui server gestiti da AEC SOLUZIONI S.r.l. localizzati all'interno dell\u2019Unione Europea.<\/p>\n<h2>E. Natura del conferimento dei dati<\/h2>\n<p>Il conferimento dei dati per le finalit\u00e0 di cui al punto B.1 \u00e8 obbligatorio. In loro assenza, non potremo garantirLe i Servizi del punto B1. Il conferimento dei dati per le finalit\u00e0 di cui al punto B2 (finalit\u00e0 di marketing) \u00e8 invece facoltativo.<br \/>\nPu\u00f2 quindi decidere di non conferire alcun dato o di negare, in un momento successivo, la facolt\u00e0 di trattare dati precedentemente forniti: in tal caso, non ricever\u00e0 newsletter, comunicazioni a carattere commerciale e materiali pubblicitari inerenti ai Servizi offerti dal Titolare. Continuer\u00e0 comunque ad avere diritto ai Servizi di cui al punto B1.<\/p>\n<h2>F. Destinatari dei dati personali<\/h2>\n<p>I Dati Personali trattati non saranno oggetto di diffusione ma di comunicazione a soggetti ben definiti. Sulla base dei ruoli e delle mansioni lavorative espletate, il personale interno ed esterno \u00e8 legittimato al trattamento nei limiti delle loro competenze e in conformit\u00e0 alle istruzioni ad essi impartite dal titolare.<br \/>\nI suoi dati personali potranno essere comunicati a soggetti terzi a noi conosciuti solo ed esclusivamente per le finalit\u00e0 suddette e, in special modo, alle seguenti categorie di soggetti:<br \/>\n- a) Societ\u00e0\/Enti terzi per lo svolgimento di attivit\u00e0 strumentali;<br \/>\n- b) Enti e Pubbliche amministrazioni per adempimenti di legge;<br \/>\n- c) Professionisti che possono essere di supporto negli adempimenti di legge.<br \/>\nTali soggetti tratteranno i dati personali \u2013 ove compatibile - in qualit\u00e0 di Responsabili esterni.<\/p>\n<h2>G. Sicurezza<\/h2>\n<p>Al fine di proteggere i dati personali inseriti da parte degli utenti vengono adottate tutte le appropriate misure tecniche ed organizzative di sicurezza per evitare la perdita o la distruzione dei dati. In primo luogo sono previste procedure per minimizzare l'accesso non autorizzato ai dati o la divulgazione degli stessi.<\/p>\n<h2>F. Diritti dell\u2019utente<\/h2>\n<p>L'utente ha sempre il diritto di conoscere e visualizzare quali siano i suoi dati personali inseriti nell\u2019applicazione e come gli stessi vengano utilizzati. Ai sensi del Regolamento (UE) 2016\/679, l\u2019utente ha diritto di chiedere al Titolare del trattamento l\u2019accesso ai suoi dati personali (art. 15), la rettifica (art. 16) o la cancellazione (art. 17) degli stessi, la limitazione del trattamento che lo riguardano (art.18) o di opporsi al loro trattamento (art. 21), oltre al diritto alla portabilit\u00e0 dei dati (art. 20) altres\u00ec, che l\u2019utente potr\u00e0 esercitare i diritti di cui al paragrafo precedente, rivolgendosi al Titolare del trattamento dei propri dati inviando una richiesta al seguente indirizzo e-mail: privacy@aecsoluzioni.it<\/p>\n<h2>G. Proposizione del reclamo<\/h2>\n<p>L\u2019Interessato ha diritto di proporre reclamo all'Autorit\u00e0 di controllo dello Stato di residenza.<\/p>\n<h2>H. Processi decisionali automatizzati<\/h2>\n<p>Il Titolare non effettua trattamenti che consistano in processi decisionali automatizzati.<\/p>\n<h2>I. Modifica dell\u2019informativa<\/h2>\n<p>La presente informativa sulla privacy potrebbe essere modificata od integrata; la nuova versione sar\u00e0 comunque disponibile e visualizzabile sul sito internet www.mysmartwork.cloud.<br \/>\nLa presente Informativa sulla Privacy \u00e8 aggiornata a giugno 2020<\/p>\n<\/div>\n<\/div><\/div><\/div><\/div><\/div>","protected":false},"excerpt":{"rendered":"<p>Informativa Privacy Modello di informativa sul trattamento dei dati personali ex art. 13 Reg.to UE 2016\/679 Gentile Utente, La presente informativa \u00e8 redatta ai sensi dell\u2019art. 13 del Regolamento UE 679\/2016 (di seguito, per brevit\u00e0 \u201cGDPR\u201d) in materia di protezione delle persone fisiche con riguardo al trattamento dei dati personali &hellip;<\/p>\n","protected":false},"author":1,"featured_media":0,"parent":0,"menu_order":0,"comment_status":"closed","ping_status":"closed","template":"","meta":{"footnotes":""},"class_list":["post-413","page","type-page","status-publish","hentry"],"aioseo_notices":[],"_links":{"self":[{"href":"https:\/\/www.mysmartwork.cloud\/index.php\/wp-json\/wp\/v2\/pages\/413","targetHints":{"allow":["GET"]}}],"collection":[{"href":"https:\/\/www.mysmartwork.cloud\/index.php\/wp-json\/wp\/v2\/pages"}],"about":[{"href":"https:\/\/www.mysmartwork.cloud\/index.php\/wp-json\/wp\/v2\/types\/page"}],"author":[{"embeddable":true,"href":"https:\/\/www.mysmartwork.cloud\/index.php\/wp-json\/wp\/v2\/users\/1"}],"replies":[{"embeddable":true,"href":"https:\/\/www.mysmartwork.cloud\/index.php\/wp-json\/wp\/v2\/comments?post=413"}],"version-history":[{"count":9,"href":"https:\/\/www.mysmartwork.cloud\/index.php\/wp-json\/wp\/v2\/pages\/413\/revisions"}],"predecessor-version":[{"id":417,"href":"https:\/\/www.mysmartwork.cloud\/index.php\/wp-json\/wp\/v2\/pages\/413\/revisions\/417"}],"wp:attachment":[{"href":"https:\/\/www.mysmartwork.cloud\/index.php\/wp-json\/wp\/v2\/media?parent=413"}],"curies":[{"name":"wp","href":"https:\/\/api.w.org\/{rel}","templated":true}]}}